{"id":122,"date":"2024-05-27T17:48:27","date_gmt":"2024-05-27T17:48:27","guid":{"rendered":"https:\/\/www.sinae.com.co\/?page_id=122"},"modified":"2024-07-26T15:45:36","modified_gmt":"2024-07-26T15:45:36","slug":"cariotipo","status":"publish","type":"page","link":"https:\/\/sinae.com.co\/?page_id=122","title":{"rendered":"Cariotipo"},"content":{"rendered":"\t\t<div data-elementor-type=\"wp-page\" data-elementor-id=\"122\" class=\"elementor elementor-122\">\n\t\t\t\t<div class=\"elementor-element elementor-element-aab0a62 e-flex e-con-boxed e-con e-parent\" data-id=\"aab0a62\" data-element_type=\"container\">\n\t\t\t\t\t<div class=\"e-con-inner\">\n\t\t<div class=\"elementor-element elementor-element-7aa4b58 e-con-full e-flex e-con e-child\" data-id=\"7aa4b58\" data-element_type=\"container\">\n\t\t\t\t<div class=\"elementor-element elementor-element-5f31b95 elementor-widget elementor-widget-image\" data-id=\"5f31b95\" data-element_type=\"widget\" data-widget_type=\"image.default\">\n\t\t\t\t<div class=\"elementor-widget-container\">\n\t\t\t\t\t\t\t\t\t\t\t\t\t\t\t<img fetchpriority=\"high\" decoding=\"async\" width=\"1024\" height=\"765\" src=\"https:\/\/sinae.com.co\/wp-content\/uploads\/2024\/05\/Cariotipo-SINAE-1024x765.png\" class=\"attachment-large size-large wp-image-71\" alt=\"\" srcset=\"https:\/\/sinae.com.co\/wp-content\/uploads\/2024\/05\/Cariotipo-SINAE-1024x765.png 1024w, https:\/\/sinae.com.co\/wp-content\/uploads\/2024\/05\/Cariotipo-SINAE-600x448.png 600w, https:\/\/sinae.com.co\/wp-content\/uploads\/2024\/05\/Cariotipo-SINAE-300x224.png 300w, https:\/\/sinae.com.co\/wp-content\/uploads\/2024\/05\/Cariotipo-SINAE-768x574.png 768w, https:\/\/sinae.com.co\/wp-content\/uploads\/2024\/05\/Cariotipo-SINAE.png 1533w\" sizes=\"(max-width: 1024px) 100vw, 1024px\" \/>\t\t\t\t\t\t\t\t\t\t\t\t\t\t\t<\/div>\n\t\t\t\t<\/div>\n\t\t\t\t<\/div>\n\t\t<div class=\"elementor-element elementor-element-7c62cd5 e-con-full e-flex e-con e-child\" data-id=\"7c62cd5\" data-element_type=\"container\">\n\t\t<div class=\"elementor-element elementor-element-33bdd46 e-flex e-con-boxed e-con e-child\" data-id=\"33bdd46\" data-element_type=\"container\">\n\t\t\t\t\t<div class=\"e-con-inner\">\n\t\t\t\t<div class=\"elementor-element elementor-element-d3d4169 elementor-widget elementor-widget-text-editor\" data-id=\"d3d4169\" data-element_type=\"widget\" data-widget_type=\"text-editor.default\">\n\t\t\t\t<div class=\"elementor-widget-container\">\n\t\t\t\t\t\t\t\t\t<p>Estudio gen\u00e9tico sobre las variantes cromos\u00f3micas espec\u00edficas que constituyen un factor de riesgo gen\u00e9tico. Los cromosomas se analizan a partir de c\u00e9lulas que se obtienen de la recogida de tejidos y su cultivo en condiciones adecuadas, para conseguir c\u00e9lulas en una etapa de la divisi\u00f3n celular que nos permita visualizarlos. Estos se ordenan por caracter\u00edsticas espec\u00edficas, obteni\u00e9ndose as\u00ed el cariotipo. Resultados en 15 d\u00edas a partir de sangre.<\/p>\t\t\t\t\t\t\t\t<\/div>\n\t\t\t\t<\/div>\n\t\t\t\t\t<\/div>\n\t\t\t\t<\/div>\n\t\t<div class=\"elementor-element elementor-element-de09a92 e-flex e-con-boxed e-con e-child\" data-id=\"de09a92\" data-element_type=\"container\">\n\t\t\t\t\t<div class=\"e-con-inner\">\n\t\t\t\t<div class=\"elementor-element elementor-element-b07e0ca elementor-widget elementor-widget-image\" data-id=\"b07e0ca\" data-element_type=\"widget\" data-widget_type=\"image.default\">\n\t\t\t\t<div class=\"elementor-widget-container\">\n\t\t\t\t\t\t\t\t\t\t\t\t\t\t\t<img decoding=\"async\" width=\"1024\" height=\"408\" src=\"https:\/\/sinae.com.co\/wp-content\/uploads\/2024\/05\/Sin-titulo-5-1024x408.png\" class=\"attachment-large size-large wp-image-70\" alt=\"\" srcset=\"https:\/\/sinae.com.co\/wp-content\/uploads\/2024\/05\/Sin-titulo-5-1024x408.png 1024w, https:\/\/sinae.com.co\/wp-content\/uploads\/2024\/05\/Sin-titulo-5-600x239.png 600w, https:\/\/sinae.com.co\/wp-content\/uploads\/2024\/05\/Sin-titulo-5-300x120.png 300w, https:\/\/sinae.com.co\/wp-content\/uploads\/2024\/05\/Sin-titulo-5-768x306.png 768w, https:\/\/sinae.com.co\/wp-content\/uploads\/2024\/05\/Sin-titulo-5-1536x613.png 1536w, https:\/\/sinae.com.co\/wp-content\/uploads\/2024\/05\/elementor\/thumbs\/Sin-titulo-5-qomw20666zvhllhfz95qi1bv26yobmxwau5b3vtoco.png 450w, https:\/\/sinae.com.co\/wp-content\/uploads\/2024\/05\/Sin-titulo-5.png 2038w\" sizes=\"(max-width: 1024px) 100vw, 1024px\" \/>\t\t\t\t\t\t\t\t\t\t\t\t\t\t\t<\/div>\n\t\t\t\t<\/div>\n\t\t\t\t\t<\/div>\n\t\t\t\t<\/div>\n\t\t\t\t<\/div>\n\t\t\t\t\t<\/div>\n\t\t\t\t<\/div>\n\t\t\t\t<\/div>\n\t\t","protected":false},"excerpt":{"rendered":"<p>Estudio gen\u00e9tico sobre las variantes cromos\u00f3micas espec\u00edficas que constituyen un factor de riesgo gen\u00e9tico. Los cromosomas se analizan a partir de c\u00e9lulas que se obtienen de la recogida de tejidos y su cultivo en condiciones adecuadas, para conseguir c\u00e9lulas en una etapa de la divisi\u00f3n celular que nos permita visualizarlos. Estos se ordenan por caracter\u00edsticas&hellip;<\/p>\n<p class=\"more-link\"><a href=\"https:\/\/sinae.com.co\/?page_id=122\" class=\"themebutton2\">Leer m\u00e1s<\/a><\/p>\n","protected":false},"author":1,"featured_media":0,"parent":0,"menu_order":0,"comment_status":"closed","ping_status":"closed","template":"elementor_theme","meta":{"_jet_sm_ready_style":"","_jet_sm_style":"","_jet_sm_controls_values":"","_jet_sm_fonts_collection":"","_jet_sm_fonts_links":"","footnotes":""},"class_list":["post-122","page","type-page","status-publish","hentry"],"_links":{"self":[{"href":"https:\/\/sinae.com.co\/index.php?rest_route=\/wp\/v2\/pages\/122","targetHints":{"allow":["GET"]}}],"collection":[{"href":"https:\/\/sinae.com.co\/index.php?rest_route=\/wp\/v2\/pages"}],"about":[{"href":"https:\/\/sinae.com.co\/index.php?rest_route=\/wp\/v2\/types\/page"}],"author":[{"embeddable":true,"href":"https:\/\/sinae.com.co\/index.php?rest_route=\/wp\/v2\/users\/1"}],"replies":[{"embeddable":true,"href":"https:\/\/sinae.com.co\/index.php?rest_route=%2Fwp%2Fv2%2Fcomments&post=122"}],"version-history":[{"count":12,"href":"https:\/\/sinae.com.co\/index.php?rest_route=\/wp\/v2\/pages\/122\/revisions"}],"predecessor-version":[{"id":445,"href":"https:\/\/sinae.com.co\/index.php?rest_route=\/wp\/v2\/pages\/122\/revisions\/445"}],"wp:attachment":[{"href":"https:\/\/sinae.com.co\/index.php?rest_route=%2Fwp%2Fv2%2Fmedia&parent=122"}],"curies":[{"name":"wp","href":"https:\/\/api.w.org\/{rel}","templated":true}]}}