{"id":81,"date":"2024-05-24T17:21:15","date_gmt":"2024-05-24T17:21:15","guid":{"rendered":"https:\/\/www.sinae.com.co\/?page_id=81"},"modified":"2024-07-26T15:51:33","modified_gmt":"2024-07-26T15:51:33","slug":"heres","status":"publish","type":"page","link":"https:\/\/sinae.com.co\/?page_id=81","title":{"rendered":"Heres"},"content":{"rendered":"\t\t<div data-elementor-type=\"wp-page\" data-elementor-id=\"81\" class=\"elementor elementor-81\">\n\t\t\t\t<div class=\"elementor-element elementor-element-54bda2dc e-flex e-con-boxed e-con e-parent\" data-id=\"54bda2dc\" data-element_type=\"container\">\n\t\t\t\t\t<div class=\"e-con-inner\">\n\t\t\t\t\t<\/div>\n\t\t\t\t<\/div>\n\t\t<div class=\"elementor-element elementor-element-e490925 e-flex e-con-boxed e-con e-parent\" data-id=\"e490925\" data-element_type=\"container\">\n\t\t\t\t\t<div class=\"e-con-inner\">\n\t\t<div class=\"elementor-element elementor-element-f3ca12d e-con-full e-flex e-con e-child\" data-id=\"f3ca12d\" data-element_type=\"container\">\n\t\t\t\t<div class=\"elementor-element elementor-element-47db1e8 elementor-widget elementor-widget-image\" data-id=\"47db1e8\" data-element_type=\"widget\" data-widget_type=\"image.default\">\n\t\t\t\t<div class=\"elementor-widget-container\">\n\t\t\t\t\t\t\t\t\t\t\t\t\t\t\t<img fetchpriority=\"high\" decoding=\"async\" width=\"1024\" height=\"845\" src=\"https:\/\/sinae.com.co\/wp-content\/uploads\/2024\/05\/Arte-Final-Screening-de-Portadores-HERES-1024x845.png\" class=\"attachment-large size-large wp-image-83\" alt=\"\" srcset=\"https:\/\/sinae.com.co\/wp-content\/uploads\/2024\/05\/Arte-Final-Screening-de-Portadores-HERES-1024x845.png 1024w, https:\/\/sinae.com.co\/wp-content\/uploads\/2024\/05\/Arte-Final-Screening-de-Portadores-HERES-600x495.png 600w, https:\/\/sinae.com.co\/wp-content\/uploads\/2024\/05\/Arte-Final-Screening-de-Portadores-HERES-300x248.png 300w, https:\/\/sinae.com.co\/wp-content\/uploads\/2024\/05\/Arte-Final-Screening-de-Portadores-HERES-768x634.png 768w, https:\/\/sinae.com.co\/wp-content\/uploads\/2024\/05\/Arte-Final-Screening-de-Portadores-HERES-1536x1267.png 1536w, https:\/\/sinae.com.co\/wp-content\/uploads\/2024\/05\/Arte-Final-Screening-de-Portadores-HERES.png 1658w\" sizes=\"(max-width: 1024px) 100vw, 1024px\" \/>\t\t\t\t\t\t\t\t\t\t\t\t\t\t\t<\/div>\n\t\t\t\t<\/div>\n\t\t\t\t<\/div>\n\t\t<div class=\"elementor-element elementor-element-0f542a3 e-con-full e-flex e-con e-child\" data-id=\"0f542a3\" data-element_type=\"container\">\n\t\t<div class=\"elementor-element elementor-element-6e0bf92 e-flex e-con-boxed e-con e-child\" data-id=\"6e0bf92\" data-element_type=\"container\">\n\t\t\t\t\t<div class=\"e-con-inner\">\n\t\t\t\t<div class=\"elementor-element elementor-element-4fc4cd1 elementor-widget elementor-widget-image\" data-id=\"4fc4cd1\" data-element_type=\"widget\" data-widget_type=\"image.default\">\n\t\t\t\t<div class=\"elementor-widget-container\">\n\t\t\t\t\t\t\t\t\t\t\t\t\t\t\t<img decoding=\"async\" width=\"1024\" height=\"281\" src=\"https:\/\/sinae.com.co\/wp-content\/uploads\/2024\/05\/Arte-Final-Screening-de-Portadores-HERES-1-1024x281.png\" class=\"attachment-large size-large wp-image-84\" alt=\"\" srcset=\"https:\/\/sinae.com.co\/wp-content\/uploads\/2024\/05\/Arte-Final-Screening-de-Portadores-HERES-1-1024x281.png 1024w, https:\/\/sinae.com.co\/wp-content\/uploads\/2024\/05\/Arte-Final-Screening-de-Portadores-HERES-1-600x165.png 600w, https:\/\/sinae.com.co\/wp-content\/uploads\/2024\/05\/Arte-Final-Screening-de-Portadores-HERES-1-300x82.png 300w, https:\/\/sinae.com.co\/wp-content\/uploads\/2024\/05\/Arte-Final-Screening-de-Portadores-HERES-1-768x211.png 768w, https:\/\/sinae.com.co\/wp-content\/uploads\/2024\/05\/Arte-Final-Screening-de-Portadores-HERES-1.png 1213w\" sizes=\"(max-width: 1024px) 100vw, 1024px\" \/>\t\t\t\t\t\t\t\t\t\t\t\t\t\t\t<\/div>\n\t\t\t\t<\/div>\n\t\t\t\t<div class=\"elementor-element elementor-element-8a3c03a elementor-widget elementor-widget-text-editor\" data-id=\"8a3c03a\" data-element_type=\"widget\" data-widget_type=\"text-editor.default\">\n\t\t\t\t<div class=\"elementor-widget-container\">\n\t\t\t\t\t\t\t\t\t\n<p>Compatibilidad Gen\u00e9tica<\/p>\n\t\t\t\t\t\t\t\t<\/div>\n\t\t\t\t<\/div>\n\t\t\t\t<div class=\"elementor-element elementor-element-170f02b elementor-widget__width-initial elementor-widget elementor-widget-text-editor\" data-id=\"170f02b\" data-element_type=\"widget\" data-widget_type=\"text-editor.default\">\n\t\t\t\t<div class=\"elementor-widget-container\">\n\t\t\t\t\t\t\t\t\t<p>Es una prueba gen\u00e9tica que puede determinar el riesgo de una pareja de tener un hijo afectado por una afecci\u00f3n o enfermedad gen\u00e9tica. T\u00edpicamente, los portadores de una condici\u00f3n gen\u00e9tica est\u00e1n sanos y no son conscientes de su riesgo. Si su pareja tambi\u00e9n es portadora de la misma afecci\u00f3n, tienen un mayor riesgo de tener un hijo afectado por esta. Cada persona es portadora de ciertos cambios gen\u00e9ticos que podr\u00edan causar enfermedades en su hijo.<\/p>\t\t\t\t\t\t\t\t<\/div>\n\t\t\t\t<\/div>\n\t\t\t\t\t<\/div>\n\t\t\t\t<\/div>\n\t\t<div class=\"elementor-element elementor-element-5a05aa7 e-flex e-con-boxed e-con e-child\" data-id=\"5a05aa7\" data-element_type=\"container\">\n\t\t\t\t\t<div class=\"e-con-inner\">\n\t\t\t\t\t<\/div>\n\t\t\t\t<\/div>\n\t\t\t\t<\/div>\n\t\t\t\t\t<\/div>\n\t\t\t\t<\/div>\n\t\t\t\t<\/div>\n\t\t","protected":false},"excerpt":{"rendered":"<p>Compatibilidad Gen\u00e9tica Es una prueba gen\u00e9tica que puede determinar el riesgo de una pareja de tener un hijo afectado por una afecci\u00f3n o enfermedad gen\u00e9tica. T\u00edpicamente, los portadores de una condici\u00f3n gen\u00e9tica est\u00e1n sanos y no son conscientes de su riesgo. Si su pareja tambi\u00e9n es portadora de la misma afecci\u00f3n, tienen un mayor riesgo&hellip;<\/p>\n<p class=\"more-link\"><a href=\"https:\/\/sinae.com.co\/?page_id=81\" class=\"themebutton2\">Leer m\u00e1s<\/a><\/p>\n","protected":false},"author":1,"featured_media":0,"parent":0,"menu_order":0,"comment_status":"closed","ping_status":"closed","template":"","meta":{"_jet_sm_ready_style":"","_jet_sm_style":"","_jet_sm_controls_values":"","_jet_sm_fonts_collection":"","_jet_sm_fonts_links":"","footnotes":""},"class_list":["post-81","page","type-page","status-publish","hentry"],"_links":{"self":[{"href":"https:\/\/sinae.com.co\/index.php?rest_route=\/wp\/v2\/pages\/81","targetHints":{"allow":["GET"]}}],"collection":[{"href":"https:\/\/sinae.com.co\/index.php?rest_route=\/wp\/v2\/pages"}],"about":[{"href":"https:\/\/sinae.com.co\/index.php?rest_route=\/wp\/v2\/types\/page"}],"author":[{"embeddable":true,"href":"https:\/\/sinae.com.co\/index.php?rest_route=\/wp\/v2\/users\/1"}],"replies":[{"embeddable":true,"href":"https:\/\/sinae.com.co\/index.php?rest_route=%2Fwp%2Fv2%2Fcomments&post=81"}],"version-history":[{"count":13,"href":"https:\/\/sinae.com.co\/index.php?rest_route=\/wp\/v2\/pages\/81\/revisions"}],"predecessor-version":[{"id":444,"href":"https:\/\/sinae.com.co\/index.php?rest_route=\/wp\/v2\/pages\/81\/revisions\/444"}],"wp:attachment":[{"href":"https:\/\/sinae.com.co\/index.php?rest_route=%2Fwp%2Fv2%2Fmedia&parent=81"}],"curies":[{"name":"wp","href":"https:\/\/api.w.org\/{rel}","templated":true}]}}